{"id":1359,"date":"2021-01-28T21:07:51","date_gmt":"2021-01-28T21:07:51","guid":{"rendered":"http:\/\/guidoweb.nl\/?page_id=1359"},"modified":"2021-01-29T17:14:43","modified_gmt":"2021-01-29T17:14:43","slug":"kenya-here-we-come","status":"publish","type":"page","link":"http:\/\/guidoweb.nl\/?page_id=1359","title":{"rendered":"Kenya, here we come"},"content":{"rendered":"\n<p>Juli 2014 \u2013 Door <a href=\"http:\/\/guidoweb.nl\/?author=1\">Guido Hulshoff<\/a><\/p>\n\n\n\n<p>Als je bovenop het Jomo Kenyatta conference centre staat ligt Nairobi aan je voeten. Op deze wat bewolkte ochtend zie ik vanaf deze wolkenkrabber de hele stad om me heen, al ligt een flink deel verborgen tussen het vele sappige groen. Het schijnt dat je op een heldere ochtend Mount Kenya en zelfs de Kilimanjaro in Tanzania kunt zien. Dat is me niet gegund nu maar ik krijg een aardige indruk van de enorme omvang en het cosmopolitische karakter van deze miljoenenstad, de economische en culturele hub van Oost Afrika. De skyline is dan ook redelijk indrukwekkend maar jammer genoeg zijn het jaren zeventig beton en moderne glimmende hoogbouw die overheersen. Banken, hotels en fancy appartementsgebouwen verraden de economische groei van de laatste decennia. Daartussen zie je soms wat klassieke gebouwen, zoals het gerechtsgebouw en het stadhuis. Er doorheen lopen brede verkeerswegen, slagaders van de stad die constant verstopt zijn. &#8220;Waiting in the jam seems a natural state of being for most of us&#8221; zegt een lokale zakenman in de krant.\u00a0<\/p>\n\n\n\n<figure class=\"wp-block-image size-large is-style-default\"><img loading=\"lazy\" width=\"1024\" height=\"765\" src=\"http:\/\/guidoweb.nl\/wp-content\/uploads\/2021\/01\/IMG_1411-1024x765.jpg\" alt=\"\" class=\"wp-image-1403\" srcset=\"http:\/\/guidoweb.nl\/wp-content\/uploads\/2021\/01\/IMG_1411-1024x765.jpg 1024w, http:\/\/guidoweb.nl\/wp-content\/uploads\/2021\/01\/IMG_1411-300x224.jpg 300w, http:\/\/guidoweb.nl\/wp-content\/uploads\/2021\/01\/IMG_1411-768x574.jpg 768w, http:\/\/guidoweb.nl\/wp-content\/uploads\/2021\/01\/IMG_1411-1536x1147.jpg 1536w, http:\/\/guidoweb.nl\/wp-content\/uploads\/2021\/01\/IMG_1411-2048x1530.jpg 2048w, http:\/\/guidoweb.nl\/wp-content\/uploads\/2021\/01\/IMG_1411-120x90.jpg 120w\" sizes=\"(max-width: 1024px) 100vw, 1024px\" \/><\/figure>\n\n\n\n<p>Nee, mooi is de stad niet te noemen. Je komt hier eerder vanwege de enorme culturele rijkdom. Moslims, christenen, joden, alles heeft hier zijn plekje kris kras door elkaar. Ethiopiers hebben er talloze restaurants, Indi\u00ebrs hun winkels, gesluierde vrouwen lopen naast kek geklede jongens en meisjes, en tijdens de wk wedstrijden juichen de vele expats en toeristen samen met de goedlachse Kenianen.<\/p>\n\n\n\n<p>En ook kom je er voor de natuur, niet in de laatste plaats in de stad zelf. Ondanks het vele asfalt en verkeer, merk ik namelijk al snel hoe groen Nairobi is. In ieder geval rond de wijk waar ik woon. Natuurlijk, blik , plastic en beton lijken steeds meer te overheersen in de stad. Lange files\u00a0zijn goed voor tonnen CO<sup>2 <\/sup>en smog (niet lekker voor je longen, merk ik aan mijn aanhoudende hoest). Vooral in armere wijken slingert allerlei plastic en ander vuilnis rond. En dag in dag uit hoor je het getik en gebonk van bouwvakkers die weer een nieuwe toren uit de grond stampen voor \u00e9\u00e9n of andere rijke Aziaat, meestal een Chinees of Indi\u00ebr. Maar achter die betonnen muren en hekken van de appartementencomplexen, ambassade\u2019s, restaurants en woonhuizen schuilen niet zelden weelderige tuinen. Langs de weg zie je regelmatig felle jacaranda\u2019s en bougainvilleas. <\/p>\n\n\n\n<figure class=\"wp-block-image size-large is-style-default\"><img loading=\"lazy\" width=\"1024\" height=\"765\" src=\"http:\/\/guidoweb.nl\/wp-content\/uploads\/2021\/01\/IMG_1439-1024x765.jpg\" alt=\"\" class=\"wp-image-1404\" srcset=\"http:\/\/guidoweb.nl\/wp-content\/uploads\/2021\/01\/IMG_1439-1024x765.jpg 1024w, http:\/\/guidoweb.nl\/wp-content\/uploads\/2021\/01\/IMG_1439-300x224.jpg 300w, http:\/\/guidoweb.nl\/wp-content\/uploads\/2021\/01\/IMG_1439-768x574.jpg 768w, http:\/\/guidoweb.nl\/wp-content\/uploads\/2021\/01\/IMG_1439-1536x1147.jpg 1536w, http:\/\/guidoweb.nl\/wp-content\/uploads\/2021\/01\/IMG_1439-2048x1530.jpg 2048w, http:\/\/guidoweb.nl\/wp-content\/uploads\/2021\/01\/IMG_1439-120x90.jpg 120w\" sizes=\"(max-width: 1024px) 100vw, 1024px\" \/><\/figure>\n\n\n\n<figure class=\"wp-block-image size-large is-style-default\"><img loading=\"lazy\" width=\"1024\" height=\"576\" src=\"http:\/\/guidoweb.nl\/wp-content\/uploads\/2021\/01\/20170312_125748-1024x576.jpg\" alt=\"\" class=\"wp-image-1407\" srcset=\"http:\/\/guidoweb.nl\/wp-content\/uploads\/2021\/01\/20170312_125748-1024x576.jpg 1024w, http:\/\/guidoweb.nl\/wp-content\/uploads\/2021\/01\/20170312_125748-300x169.jpg 300w, http:\/\/guidoweb.nl\/wp-content\/uploads\/2021\/01\/20170312_125748-768x432.jpg 768w, http:\/\/guidoweb.nl\/wp-content\/uploads\/2021\/01\/20170312_125748-1536x864.jpg 1536w, http:\/\/guidoweb.nl\/wp-content\/uploads\/2021\/01\/20170312_125748-2048x1152.jpg 2048w, http:\/\/guidoweb.nl\/wp-content\/uploads\/2021\/01\/20170312_125748-1140x641.jpg 1140w\" sizes=\"(max-width: 1024px) 100vw, 1024px\" \/><\/figure>\n\n\n\n<p>En niet ver van mij vandaan in Kilimani bevindt zich zowaar een groene oase: Het Nairobi Arboretum, soort botanisch park van ruim 300 hectare, met bomen uit alle windstreken. Het is een perfecte plek om even wat koelte te zoeken tussen de schaduwen. Het Arboretum is een park zoals een park moet zijn: groen en weelderig met ficussen, coniferen, ceders, eucalyptusbomen en dicht struikgewas. Met daartussen\u00a0ruime\u00a0weides en gazonnen, waar het een levendige boel is. Schoolklassen luisteren aandachtig naar een gids of doen spelletjes, sportteams in uniform doen gymnastiek of spelen voetbal, een koor doet een generale repetite, families zitten aan de picknick. \u00a0En geheel naar mijn smaak zie ik een stel djembe spelers in een kring lekker trommelen. Ik kan zo aanschuiven\u2026<br>Je struikelt er ook over kleine apen, al dan niet met nog baby-exemplaren hangend aan of zittend op moeder. Of ze doen zich tegoed aan de uitpuilende vuilnisbakken. Plotseling beweegt een schaduw\u00a0over me heen: een flinke buizerd strijkt voor me neer. Zomaar midden in de stad.\u00a0Kicken. En dan is dit nog maar een klein park vergeleken met de bossen van Karura en Ngong Hills meer buiten het centrum. <\/p>\n\n\n\n<figure class=\"wp-block-image size-large is-style-default\"><img loading=\"lazy\" width=\"1024\" height=\"576\" src=\"http:\/\/guidoweb.nl\/wp-content\/uploads\/2021\/01\/20170312_125257-1-1024x576.jpg\" alt=\"\" class=\"wp-image-1406\" srcset=\"http:\/\/guidoweb.nl\/wp-content\/uploads\/2021\/01\/20170312_125257-1-1024x576.jpg 1024w, http:\/\/guidoweb.nl\/wp-content\/uploads\/2021\/01\/20170312_125257-1-300x169.jpg 300w, http:\/\/guidoweb.nl\/wp-content\/uploads\/2021\/01\/20170312_125257-1-768x432.jpg 768w, http:\/\/guidoweb.nl\/wp-content\/uploads\/2021\/01\/20170312_125257-1-1536x864.jpg 1536w, http:\/\/guidoweb.nl\/wp-content\/uploads\/2021\/01\/20170312_125257-1-2048x1152.jpg 2048w, http:\/\/guidoweb.nl\/wp-content\/uploads\/2021\/01\/20170312_125257-1-1140x641.jpg 1140w\" sizes=\"(max-width: 1024px) 100vw, 1024px\" \/><\/figure>\n\n\n\n<p>Op een zondagmiddag zit ik onder het genot van een lokaal gebrouwen Tusker pils op het terras van het nationaal museum (overigens zeer aan te raden dit met een bezoekje te vereren!). Op gegeven moment zie ik een man met een oranje shirt binnenkomen. Ik complimenteer hem ermee en hij lacht me breed toe, omhelst me nog net niet. Ik moet gelijk kennismaken met zijn moeder, zus en kleine nichtje. Ik hoop dat we kampioen worden, zeg ik. Hopen? We worden wereldkampioen! verzekert hij me. Vooral het &#8216;we&#8217; vind ik vertederend.&nbsp;<\/p>\n\n\n\n<p>Met opgewekt gemoed vertek ik. In de taxi naar mijn appartement gaat het echter over ernstiger zaken. Er hangt onrust in het land, nu de regering, die vooral bestaat uit mensen van de Kikuyu en Kalenjin stam, andere bevolkingsgroepen zou buitensluiten. En er zijn nogal wat stammen hier, zo&#8217;n veertig in totaal. 7 juli aanstaande is er een grote demonstratie georganiseerd vanuit de oppositie. Als dat maar goed gaat. De chauffeur is van de Luo stam. Hij vertelt dat de meesten in vrede willen leven met elkaar, ja er zijn zelfs steeds vaker gemengde huwelijken. Het zijn die vermaledijde politici de verschillen opkloppen voor eigen gewin. Tja, dat hoor je vaker maar ik geloof hem direct. De vreselijke rassenrellen na de verkiezingen van 2007\/2008 die meer dan 1100 doden opleverden en 350.000 daklozen, liggen nog vers in het geheugen. Sindsdien heerst er een fragiel evenwicht.&nbsp;Had Kenia maar een aardig voetbalelftal waarvoor ze hier konden juichen. Dat verbroedert tenminste weer een beetje. Al is het maar tijdelijk.&nbsp;<\/p>\n\n\n\n<p>Over voetbal gesproken: Is er\u00a0in Nairobi nog leven na het WK? vroeg een vriend uit Nederland. Net toen ik op tv een herhaling van Nederland-Brazilie zag, om het brons.\u00a0Ja het was de zomer 2014, de tijd van het WK in Brazili\u00eb. En ja, ook daarna is er zeker nog leven.\u00a0Het voetbalfestijn is geweest, klaar voor de mensen hier. Ik hoef ook even geen voetbaal meer zien. Maar het was genieten. Ik mis het samen kijken en overdreven juichen zelfs een beetje. Onze leeuwenzonen hebben hard gebruld en zich kranig geweerd. Genieten was het\u00a0ook met die finale, die mij ook zowaar de winst in de pool van oud-ICCO medewerkers (georganiseerd door de onvolprezen Harry Tuinstra) opleverde waaraan ik meedeed. Ik had Duitsland als kampioen voorspeld. Kan ik bewijzen.\u00a0Dus ik was blij dat ze wonnen eigenlijk.. en kan dat bedragje hier stukslaan\u2026of weggeven. Hoewel, ik geloof niet zo in &#8216;om niet&#8217;, beter is het\u00a0de pegels te besteden\u00a0aan de lokale economie. Zoals aan een ebbenhouten slabestekset, schattige soapstone nijlpaardjes of de oerkeniaanse Maasai kraalbandjes. Of aan een heerlijke Keniaanse barbeque-maaltijd. <\/p>\n\n\n\n<figure class=\"wp-block-image size-large is-style-default\"><img loading=\"lazy\" width=\"1024\" height=\"576\" src=\"http:\/\/guidoweb.nl\/wp-content\/uploads\/2021\/01\/20170312_132933-1024x576.jpg\" alt=\"\" class=\"wp-image-1409\" srcset=\"http:\/\/guidoweb.nl\/wp-content\/uploads\/2021\/01\/20170312_132933-1024x576.jpg 1024w, http:\/\/guidoweb.nl\/wp-content\/uploads\/2021\/01\/20170312_132933-300x169.jpg 300w, http:\/\/guidoweb.nl\/wp-content\/uploads\/2021\/01\/20170312_132933-768x432.jpg 768w, http:\/\/guidoweb.nl\/wp-content\/uploads\/2021\/01\/20170312_132933-1536x864.jpg 1536w, http:\/\/guidoweb.nl\/wp-content\/uploads\/2021\/01\/20170312_132933-2048x1152.jpg 2048w, http:\/\/guidoweb.nl\/wp-content\/uploads\/2021\/01\/20170312_132933-1140x641.jpg 1140w\" sizes=\"(max-width: 1024px) 100vw, 1024px\" \/><\/figure>\n\n\n\n<figure class=\"wp-block-image size-large is-style-default\"><img loading=\"lazy\" width=\"1024\" height=\"576\" src=\"http:\/\/guidoweb.nl\/wp-content\/uploads\/2021\/01\/20170312_131710-1024x576.jpg\" alt=\"\" class=\"wp-image-1408\" srcset=\"http:\/\/guidoweb.nl\/wp-content\/uploads\/2021\/01\/20170312_131710-1024x576.jpg 1024w, http:\/\/guidoweb.nl\/wp-content\/uploads\/2021\/01\/20170312_131710-300x169.jpg 300w, http:\/\/guidoweb.nl\/wp-content\/uploads\/2021\/01\/20170312_131710-768x432.jpg 768w, http:\/\/guidoweb.nl\/wp-content\/uploads\/2021\/01\/20170312_131710-1536x864.jpg 1536w, http:\/\/guidoweb.nl\/wp-content\/uploads\/2021\/01\/20170312_131710-2048x1152.jpg 2048w, http:\/\/guidoweb.nl\/wp-content\/uploads\/2021\/01\/20170312_131710-1140x641.jpg 1140w\" sizes=\"(max-width: 1024px) 100vw, 1024px\" \/><figcaption>Aan de kant van Ngong Road is van alles te koop, van meubels, opgezette dieren tot en met complete speeltuinen aan toe<\/figcaption><\/figure>\n\n\n\n<p>Maandag uit ging eten met de man in het oranje voetbalshirt. Inmiddels is hij een Keniaanse vriend geworden. Hij heet Victor. Met hem beleef ik de nodige lokale avonturen. Zo nodigde hij me op een doordeweekse avond uit in Nairobi-West, vlakbij het nationaal stadion, thuisbasis van de voetballers van de Nairobi Leopards. Tot nu toe nog een plek waar muzungu\u2019s (blanken) niet veel opduiken, hoogstens wat rugzaktoeristen.<\/p>\n\n\n\n<p>Natuurlijk kwam Victor pas aanzetten op Keniaans uur, dat is dus laat. Wij zetten ons neer op een openluchtterras midden op het plein vol met kleine winkeltjes, bars, eettentjes en barbequestalletjes midden op straat. Helaas is het eenmaal aan tafel ook eindeloos wachten op de bestelling. Zo zaten we pas rond 23 uur aan de dis.&nbsp;Maar dan had je ook wat. Het was een barbeque Kenyan style, ook wel genaamd njama choma. Eindeloos gegaard vlees. Dat in combinatie met het feit dat Nairobi-West een begrip is op gebied van njama choma onder locals, immers de buurt met de hoogste Kenyan pub-dichtheid (en waarschijnlijk ook die van dronkelappen), zijn de verwachtingen hoog gespannen.&nbsp;<\/p>\n\n\n\n<p>Grote lappen vlees en bananen eindigen geroosterd op de bordjes van de clientele. Wat een verschil met de nette restaurants die wij, expats bezoeken.&nbsp;Goed om wat anders te proberen.&nbsp;De pa van Victor komt even later ook langs. De oude baas blijkt een buitengewoon onderhoudend man. Een vitale senior, of krasse knar zeg maar. Hij was vroeger onder andere adjunct- directeur van de KWS, de Kenya Wildlife Service, die alle natuurparken beheert. Vandaar zijn Toyota-busje met open dak. Geschikt voor safari\u2019s. Ik moet beslist met hun eens mee naar het Nairobi national park, zegt hij. Daar heb ik wel oren naar.<\/p>\n\n\n\n<figure class=\"wp-block-image size-large is-style-default\"><img loading=\"lazy\" width=\"1024\" height=\"576\" src=\"http:\/\/guidoweb.nl\/wp-content\/uploads\/2021\/01\/20170317_144128-1024x576.jpg\" alt=\"\" class=\"wp-image-1410\" srcset=\"http:\/\/guidoweb.nl\/wp-content\/uploads\/2021\/01\/20170317_144128-1024x576.jpg 1024w, http:\/\/guidoweb.nl\/wp-content\/uploads\/2021\/01\/20170317_144128-300x169.jpg 300w, http:\/\/guidoweb.nl\/wp-content\/uploads\/2021\/01\/20170317_144128-768x432.jpg 768w, http:\/\/guidoweb.nl\/wp-content\/uploads\/2021\/01\/20170317_144128-1536x864.jpg 1536w, http:\/\/guidoweb.nl\/wp-content\/uploads\/2021\/01\/20170317_144128-2048x1152.jpg 2048w, http:\/\/guidoweb.nl\/wp-content\/uploads\/2021\/01\/20170317_144128-1140x641.jpg 1140w\" sizes=\"(max-width: 1024px) 100vw, 1024px\" \/><figcaption>Heerlijk fruit te koop op de hoek van veel straten<\/figcaption><\/figure>\n\n\n\n<p>Terwijl we aan&nbsp;het gammele formica-tafeltje zitten uit te buiken, komt een opdringerige verkoper zijn waar slijten bij deze muzungu. &nbsp;Maar ik laat niks blijken van enige interesse, kijken is kopen, en echt mooi vind ik zijn spullen niet, leert een snelle blik. Maar zijn treurig staande gezicht doet me pijn. Hij lijkt onder invloed. De zelfkant is in Nairobi nooit ver weg. De vader zegt dat de&nbsp;bakora van goede kwaliteit is, dat is een&nbsp;klassieke loopstok, waar de \u2018elders\u2019 (dorpsoudsten) mee rondlopen. Een buitenkans volgens hem, voor zo&#8217;n goede&nbsp;kwaliteit. &nbsp;\u201cHe is desperate for money\u201d volgens de vader, dus bedingt hij een redelijke prijs voor me. Echt mooi vind ik m niet maar goed, de arme man is geholpen met zijn dagloon, en ik neem&nbsp;het houten kleinood dankbaar in ontvangst. Hoewel, klein is ie niet, hij past niet in mijn koffer.<\/p>\n\n\n\n<p>Een groep jongeren neemt het ervan naast ons. Bier en zelfs whisky op tafel. Ze dansen op de harde Afrikaanse muziek, al is er nauwelijks ruimte. Ik word gewenkt voor een dansje door een van de hippe jongedames. Ik kan niet zeggen dat ik het vervelend vindt. De serveerster danst met Victor en een andere met zijn bejaarde vader. Allen swingen. Op zomaar een maandagnacht. Dat is Afrika! Ik merk maar weer eens dat muzungu\u2019s hier op gezonde belangstelling kunnen rekenen, uiteraard. De uitbaatster is dan ook meer dan hartelijk. Ze trekt zelfs aan mijn neus\u2026 mmm weet niet of dat op een fooi kan rekenen maar grappig is het wel. Het wordt onderwijl een latertje. Morgen toch wel weer aan het werk. Ik ben blij dat ik met de vader mee kan rijden, Victor is mij iets te beschonken. &nbsp;Moet ik mijn vingertje opheffen zoals een Nederlander betaamt? Of is dit ook Afrika\u2026 Hoofdschuddend neem ik afscheid van hem. Gelukkig is er geen controle. Eind goed, al goed, fluister ik voordat ik in slaap val. Ook voor mijn maag trouwens. Een Keniaanse ervaring rijker.<\/p>\n","protected":false},"excerpt":{"rendered":"<p>Juli 2014 \u2013 Door Guido Hulshoff Als je bovenop het Jomo Kenyatta conference centre staat ligt Nairobi aan je voeten. Op deze wat bewolkte ochtend zie ik vanaf deze wolkenkrabber de hele stad om me heen, al ligt een flink deel verborgen tussen het vele sappige groen. Het schijnt dat je op een heldere ochtend [&hellip;]<\/p>\n","protected":false},"author":1,"featured_media":0,"parent":0,"menu_order":0,"comment_status":"closed","ping_status":"closed","template":"","meta":[],"_links":{"self":[{"href":"http:\/\/guidoweb.nl\/index.php?rest_route=\/wp\/v2\/pages\/1359"}],"collection":[{"href":"http:\/\/guidoweb.nl\/index.php?rest_route=\/wp\/v2\/pages"}],"about":[{"href":"http:\/\/guidoweb.nl\/index.php?rest_route=\/wp\/v2\/types\/page"}],"author":[{"embeddable":true,"href":"http:\/\/guidoweb.nl\/index.php?rest_route=\/wp\/v2\/users\/1"}],"replies":[{"embeddable":true,"href":"http:\/\/guidoweb.nl\/index.php?rest_route=%2Fwp%2Fv2%2Fcomments&post=1359"}],"version-history":[{"count":7,"href":"http:\/\/guidoweb.nl\/index.php?rest_route=\/wp\/v2\/pages\/1359\/revisions"}],"predecessor-version":[{"id":1411,"href":"http:\/\/guidoweb.nl\/index.php?rest_route=\/wp\/v2\/pages\/1359\/revisions\/1411"}],"wp:attachment":[{"href":"http:\/\/guidoweb.nl\/index.php?rest_route=%2Fwp%2Fv2%2Fmedia&parent=1359"}],"curies":[{"name":"wp","href":"https:\/\/api.w.org\/{rel}","templated":true}]}}